{"id":70,"date":"2022-05-29T20:03:51","date_gmt":"2022-05-29T17:03:51","guid":{"rendered":"https:\/\/www.nishsuit.com\/landing\/?page_id=70"},"modified":"2022-06-13T19:35:25","modified_gmt":"2022-06-13T16:35:25","slug":"iletisim","status":"publish","type":"page","link":"https:\/\/www.nishsuit.com\/landing\/iletisim\/","title":{"rendered":"Konum &#038; \u0130leti\u015fim"},"content":{"rendered":"<h2 style=\"text-align: center;\">B\u0130ZE ULA\u015eMAK \u00c7OK KOLAY!<\/h2>\n<p style=\"text-align: center;\">Anadolu Yakas\u0131 ve Avrupa Yakas\u0131\u2019ndaki \u015fubelerimizde toplu ta\u015f\u0131maya yak\u0131n, \u015fehirler aras\u0131 ula\u015f\u0131m alternatiflerine kolayca ula\u015fabilece\u011finiz merkezi lokasyonlarday\u0131z. Misafirlerimizin t\u00fcm ula\u015f\u0131m s\u00fcre\u00e7lerini \u00e7ok daha konforlu y\u00f6netebilmesi i\u00e7in \u015fof\u00f6rl\u00fc ve \u015fof\u00f6rs\u00fcz ara\u00e7 kiralama, \u00fccretsiz otopark ve vale, havaliman\u0131 transfer gibi hizmetlere kolayca ula\u015fabilmesini sa\u011fl\u0131yoruz.<br \/>\nKonum, ileti\u015fim ve ula\u015f\u0131mla ilgili t\u00fcm sorular\u0131n\u0131z i\u00e7in konaklamak istedi\u011finiz Nish Suites \u015fubesini arayarak 7\/24 bilgi alabilirsiniz.<\/p>\n","protected":false},"excerpt":{"rendered":"<p>B\u0130ZE ULA\u015eMAK \u00c7OK KOLAY! Anadolu Yakas\u0131 ve Avrupa Yakas\u0131\u2019ndaki \u015fubelerimizde toplu ta\u015f\u0131maya yak\u0131n, \u015fehirler aras\u0131 ula\u015f\u0131m alternatiflerine kolayca ula\u015fabilece\u011finiz merkezi lokasyonlarday\u0131z. Misafirlerimizin t\u00fcm ula\u015f\u0131m s\u00fcre\u00e7lerini \u00e7ok daha konforlu y\u00f6netebilmesi i\u00e7in \u015fof\u00f6rl\u00fc ve \u015fof\u00f6rs\u00fcz ara\u00e7 kiralama, \u00fccretsiz otopark ve vale, havaliman\u0131 transfer gibi hizmetlere kolayca ula\u015fabilmesini sa\u011fl\u0131yoruz. Konum, ileti\u015fim ve ula\u015f\u0131mla ilgili t\u00fcm sorular\u0131n\u0131z i\u00e7in konaklamak [&hellip;]<\/p>\n","protected":false},"author":1,"featured_media":0,"parent":0,"menu_order":3,"comment_status":"closed","ping_status":"closed","template":"template\/iletisim.php","meta":{"inline_featured_image":false,"footnotes":""},"class_list":["post-70","page","type-page","status-publish","hentry"],"_links":{"self":[{"href":"https:\/\/www.nishsuit.com\/landing\/wp-json\/wp\/v2\/pages\/70","targetHints":{"allow":["GET"]}}],"collection":[{"href":"https:\/\/www.nishsuit.com\/landing\/wp-json\/wp\/v2\/pages"}],"about":[{"href":"https:\/\/www.nishsuit.com\/landing\/wp-json\/wp\/v2\/types\/page"}],"author":[{"embeddable":true,"href":"https:\/\/www.nishsuit.com\/landing\/wp-json\/wp\/v2\/users\/1"}],"replies":[{"embeddable":true,"href":"https:\/\/www.nishsuit.com\/landing\/wp-json\/wp\/v2\/comments?post=70"}],"version-history":[{"count":3,"href":"https:\/\/www.nishsuit.com\/landing\/wp-json\/wp\/v2\/pages\/70\/revisions"}],"predecessor-version":[{"id":457,"href":"https:\/\/www.nishsuit.com\/landing\/wp-json\/wp\/v2\/pages\/70\/revisions\/457"}],"wp:attachment":[{"href":"https:\/\/www.nishsuit.com\/landing\/wp-json\/wp\/v2\/media?parent=70"}],"curies":[{"name":"wp","href":"https:\/\/api.w.org\/{rel}","templated":true}]}}